{"id":320,"date":"2024-08-31T21:35:10","date_gmt":"2024-08-31T21:35:10","guid":{"rendered":"https:\/\/puerto-cristal.com.ar\/por\/?page_id=320"},"modified":"2024-10-24T22:47:25","modified_gmt":"2024-10-24T22:47:25","slug":"livre-de-gluten","status":"publish","type":"page","link":"https:\/\/puerto-cristal.com.ar\/por\/livre-de-gluten\/","title":{"rendered":"Livre de Gl\u00faten"},"content":{"rendered":"\n[et_pb_section fb_built=\u00bb1&#8243; _builder_version=\u00bb4.27.0&#8243; _module_preset=\u00bbdefault\u00bb background_image=\u00bbhttps:\/\/puerto-cristal.com.ar\/por\/wp-content\/uploads\/2024\/09\/gluten2.jpg\u00bb parallax=\u00bbon\u00bb custom_padding=\u00bb0px||0px||false|false\u00bb global_colors_info=\u00bb{}\u00bb][et_pb_row _builder_version=\u00bb4.27.0&#8243; _module_preset=\u00bbdefault\u00bb background_color=\u00bbrgba(0,0,0,0.85)\u00bb global_colors_info=\u00bb{}\u00bb][et_pb_column type=\u00bb4_4&#8243; _builder_version=\u00bb4.27.0&#8243; _module_preset=\u00bbdefault\u00bb global_colors_info=\u00bb{}\u00bb][et_pb_code _builder_version=\u00bb4.27.0&#8243; _module_preset=\u00bbdefault\u00bb custom_css_free_form=\u00bbfont-family: &#8216;Excon Regular&#8217;, Helvetica, Arial, Lucida, sans-serif !important;\u00bb global_colors_info=\u00bb{}\u00bb]\n<div class=\"brm-menu fancy\">\n\n<div class=\"brm-menu-section\">\t\t<div class=\"brm-heading brm-group-17\" style=\"display: block;\">\n\t\t\t\t\t\t\t<h2>\n\t\t\t\t\t<span>\n\t\t\t\t\t\tLivre de Gl\u00faten\t\t\t\t\t<\/span>\n\t\t\t\t<\/h2>\n\t\t\t\t\t\t\t\t<\/div>\n\t<div class=\"brm-menu-section nested-child\">\t\t<div class=\"brm-heading brm-group-34 subgroup\" style=\"display: block;\">\n\t\t\t\t\t\t\t<h2>\n\t\t\t\t\t<span>\n\t\t\t\t\t\tEntradas\t\t\t\t\t<\/span>\n\t\t\t\t<\/h2>\n\t\t\t\t\t\t\t\t<\/div>\n\t\t<div class=\"brm-items subgroup\">\n\t\t\t<div class=\"brm-item brm-item-148\">\n\t\t\t\t\t\t<div class=\"brm-item-details\">\n\t\t\t\t<div class=\"brm-item-name\">Ostras ao gelo<\/div>\n\t\t\t\t<div class=\"brm-item-price\">&#036;0.00<\/div>\n\t\t\t\t<div class=\"brm-item-description\"><\/div>\n\t\t\t<\/div>\n\t\t<\/div>\n\t\t\t\t<div class=\"brm-item brm-item-149\">\n\t\t\t\t\t\t<div class=\"brm-item-details\">\n\t\t\t\t<div class=\"brm-item-name\">Polvo ao alho<\/div>\n\t\t\t\t<div class=\"brm-item-price\">&#036;0.00<\/div>\n\t\t\t\t<div class=\"brm-item-description\"><\/div>\n\t\t\t<\/div>\n\t\t<\/div>\n\t\t\t\t<div class=\"brm-item brm-item-150\">\n\t\t\t\t\t\t<div class=\"brm-item-details\">\n\t\t\t\t<div class=\"brm-item-name\">Camar\u00f5es grandes na chapa<\/div>\n\t\t\t\t<div class=\"brm-item-price\">&#036;0.00<\/div>\n\t\t\t\t<div class=\"brm-item-description\">Com arroz e a\u00e7afr\u00e3o<\/div>\n\t\t\t<\/div>\n\t\t<\/div>\n\t\t\t\t<div class=\"brm-item brm-item-151\">\n\t\t\t\t\t\t<div class=\"brm-item-details\">\n\t\t\t\t<div class=\"brm-item-name\">Tibia de Salm\u00f3n Rosado e camar\u00f5es medianos<\/div>\n\t\t\t\t<div class=\"brm-item-price\">&#036;0.00<\/div>\n\t\t\t\t<div class=\"brm-item-description\">Folhas verdes, salm\u00e3o, camar\u00f5es medianos com aceto, alcaparras e azeite<\/div>\n\t\t\t<\/div>\n\t\t<\/div>\n\t\t\t\t<div class=\"brm-item brm-item-152\">\n\t\t\t\t\t\t<div class=\"brm-item-details\">\n\t\t\t\t<div class=\"brm-item-name\">Carpaccio de Vitela amadurada<\/div>\n\t\t\t\t<div class=\"brm-item-price\">&#036;0.00<\/div>\n\t\t\t\t<div class=\"brm-item-description\">Alcaparras, r\u00facula, queijo Parmes\u00e3o e ovo escalfado de Codorna<\/div>\n\t\t\t<\/div>\n\t\t<\/div>\n\t\t\t\t<div class=\"brm-item brm-item-153\">\n\t\t\t\t\t\t<div class=\"brm-item-details\">\n\t\t\t\t<div class=\"brm-item-name\">Camar\u00f5es medianos \u00e3o Alho<\/div>\n\t\t\t\t<div class=\"brm-item-price\">&#036;0.00<\/div>\n\t\t\t\t<div class=\"brm-item-description\"><\/div>\n\t\t\t<\/div>\n\t\t<\/div>\n\t\t\t\t<div class=\"brm-item brm-item-154\">\n\t\t\t\t\t\t<div class=\"brm-item-details\">\n\t\t\t\t<div class=\"brm-item-name\">Provolone (provoleta)<\/div>\n\t\t\t\t<div class=\"brm-item-price\">&#036;0.00<\/div>\n\t\t\t\t<div class=\"brm-item-description\"><\/div>\n\t\t\t<\/div>\n\t\t<\/div>\n\t\t\t<\/div>\n\t<\/div><div class=\"brm-menu-section nested-child\">\t\t<div class=\"brm-heading brm-group-35 subgroup\" style=\"display: block;\">\n\t\t\t\t\t\t\t<h2>\n\t\t\t\t\t<span>\n\t\t\t\t\t\tPratos Principais\t\t\t\t\t<\/span>\n\t\t\t\t<\/h2>\n\t\t\t\t\t\t\t\t<\/div>\n\t\t<div class=\"brm-items subgroup\">\n\t\t\t<div class=\"brm-item brm-item-155\">\n\t\t\t\t\t\t<div class=\"brm-item-details\">\n\t\t\t\t<div class=\"brm-item-name\">Gnocchi de f\u00e9cula de mandioca e requeij\u00e3o<\/div>\n\t\t\t\t<div class=\"brm-item-price\">&#036;0.00<\/div>\n\t\t\t\t<div class=\"brm-item-description\">Ao molho pomodoro, alho e alcaparras<\/div>\n\t\t\t<\/div>\n\t\t<\/div>\n\t\t\t\t<div class=\"brm-item brm-item-156\">\n\t\t\t\t\t\t<div class=\"brm-item-details\">\n\t\t\t\t<div class=\"brm-item-name\">Fettuccine<\/div>\n\t\t\t\t<div class=\"brm-item-price\">&#036;0.00<\/div>\n\t\t\t\t<div class=\"brm-item-description\">Com molho creme de alho por\u00f3 e Salm\u00e3o Rosado<\/div>\n\t\t\t<\/div>\n\t\t<\/div>\n\t\t\t\t<div class=\"brm-item brm-item-157\">\n\t\t\t\t\t\t<div class=\"brm-item-details\">\n\t\t\t\t<div class=\"brm-item-name\">Salm\u00e3o Rosado Caprese<\/div>\n\t\t\t\t<div class=\"brm-item-price\">&#036;0.00<\/div>\n\t\t\t\t<div class=\"brm-item-description\">Recheado com bocconcini, tomate fresco e manjeric\u00e3o. Com piment\u00f5es e ab\u00f3bora grelhada.<\/div>\n\t\t\t<\/div>\n\t\t<\/div>\n\t\t\t\t<div class=\"brm-item brm-item-158\">\n\t\t\t\t\t\t<div class=\"brm-item-details\">\n\t\t\t\t<div class=\"brm-item-name\">Fil\u00e9 Mignon (380g)<\/div>\n\t\t\t\t<div class=\"brm-item-price\">&#036;0.00<\/div>\n\t\t\t\t<div class=\"brm-item-description\"><\/div>\n\t\t\t<\/div>\n\t\t<\/div>\n\t\t\t\t<div class=\"brm-item brm-item-159\">\n\t\t\t\t\t\t<div class=\"brm-item-details\">\n\t\t\t\t<div class=\"brm-item-name\">1\/4 Frango ao Lim\u00e3o<\/div>\n\t\t\t\t<div class=\"brm-item-price\">&#036;0.00<\/div>\n\t\t\t\t<div class=\"brm-item-description\">Com batatas \u00e0 espanhola (em rodelas)<\/div>\n\t\t\t<\/div>\n\t\t<\/div>\n\t\t\t\t<div class=\"brm-item brm-item-160\">\n\t\t\t\t\t\t<div class=\"brm-item-details\">\n\t\t\t\t<div class=\"brm-item-name\">Paella de Mariscos<\/div>\n\t\t\t\t<div class=\"brm-item-price\">&#036;0.00<\/div>\n\t\t\t\t<div class=\"brm-item-description\"><\/div>\n\t\t\t<\/div>\n\t\t<\/div>\n\t\t\t\t<div class=\"brm-item brm-item-161\">\n\t\t\t\t\t\t<div class=\"brm-item-details\">\n\t\t\t\t<div class=\"brm-item-name\">Polvo, Paelha Espanhola e camar\u00e3o<\/div>\n\t\t\t\t<div class=\"brm-item-price\">&#036;0.00<\/div>\n\t\t\t\t<div class=\"brm-item-description\"><\/div>\n\t\t\t<\/div>\n\t\t<\/div>\n\t\t\t\t<div class=\"brm-item brm-item-162\">\n\t\t\t\t\t\t<div class=\"brm-item-details\">\n\t\t\t\t<div class=\"brm-item-name\">Matambrito<\/div>\n\t\t\t\t<div class=\"brm-item-price\">&#036;0.00<\/div>\n\t\t\t\t<div class=\"brm-item-description\">Com espinafre a cr\u00e9me<\/div>\n\t\t\t<\/div>\n\t\t<\/div>\n\t\t\t\t<div class=\"brm-item brm-item-163\">\n\t\t\t\t\t\t<div class=\"brm-item-details\">\n\t\t\t\t<div class=\"brm-item-name\">Olho de Bife (450 gr)<\/div>\n\t\t\t\t<div class=\"brm-item-price\">&#036;0.00<\/div>\n\t\t\t\t<div class=\"brm-item-description\"><\/div>\n\t\t\t<\/div>\n\t\t<\/div>\n\t\t\t<\/div>\n\t<\/div><div class=\"brm-menu-section nested-child\">\t\t<div class=\"brm-heading brm-group-36 subgroup\" style=\"display: block;\">\n\t\t\t\t\t\t\t<h2>\n\t\t\t\t\t<span>\n\t\t\t\t\t\tSobremesas\t\t\t\t\t<\/span>\n\t\t\t\t<\/h2>\n\t\t\t\t\t\t\t\t<\/div>\n\t\t<div class=\"brm-items subgroup\">\n\t\t\t<div class=\"brm-item brm-item-164\">\n\t\t\t\t\t\t<div class=\"brm-item-details\">\n\t\t\t\t<div class=\"brm-item-name\">Cr\u00e8me Brul\u00e8 de baunilha<\/div>\n\t\t\t\t<div class=\"brm-item-price\">&#036;0.00<\/div>\n\t\t\t\t<div class=\"brm-item-description\">Com frutos vermelhos frescos<\/div>\n\t\t\t<\/div>\n\t\t<\/div>\n\t\t\t\t<div class=\"brm-item brm-item-165\">\n\t\t\t\t\t\t<div class=\"brm-item-details\">\n\t\t\t\t<div class=\"brm-item-name\">Cr\u00e8me \u00e0 Madrilesa<\/div>\n\t\t\t\t<div class=\"brm-item-price\">&#036;0.00<\/div>\n\t\t\t\t<div class=\"brm-item-description\"><\/div>\n\t\t\t<\/div>\n\t\t<\/div>\n\t\t\t\t<div class=\"brm-item brm-item-166\">\n\t\t\t\t\t\t<div class=\"brm-item-details\">\n\t\t\t\t<div class=\"brm-item-name\">G\u00e4te\u00e4u com mix de cremes geladas<\/div>\n\t\t\t\t<div class=\"brm-item-price\">&#036;0.00<\/div>\n\t\t\t\t<div class=\"brm-item-description\"><\/div>\n\t\t\t<\/div>\n\t\t<\/div>\n\t\t\t\t<div class=\"brm-item brm-item-167\">\n\t\t\t\t\t\t<div class=\"brm-item-details\">\n\t\t\t\t<div class=\"brm-item-name\">Sabay\u00f3n ao Champagne \/ Marsala \/ Oporto<\/div>\n\t\t\t\t<div class=\"brm-item-price\">&#036;0.00<\/div>\n\t\t\t\t<div class=\"brm-item-description\"><\/div>\n\t\t\t<\/div>\n\t\t<\/div>\n\t\t\t<\/div>\n\t<\/div><\/div>\n<\/div>\n<div class=\"pl-developer\"><span>Best Restaurant Menu Plugin by <\/span><a href=\"https:\/\/www.pricelisto.com\/plugins\">PriceListo<\/a><\/div>[\/et_pb_code][\/et_pb_column][\/et_pb_row][\/et_pb_section][et_pb_section fb_built=\u00bb1&#8243; _builder_version=\u00bb4.27.0&#8243; _module_preset=\u00bbdefault\u00bb background_color=\u00bb#736A43&#8243; global_module=\u00bb198&#8243; saved_tabs=\u00bball\u00bb global_colors_info=\u00bb{}\u00bb][et_pb_row _builder_version=\u00bb4.27.0&#8243; _module_preset=\u00bbdefault\u00bb global_colors_info=\u00bb{}\u00bb][et_pb_column type=\u00bb4_4&#8243; _builder_version=\u00bb4.27.0&#8243; _module_preset=\u00bbdefault\u00bb global_colors_info=\u00bb{}\u00bb][et_pb_button button_url=\u00bb@ET-DC@eyJkeW5hbWljIjp0cnVlLCJjb250ZW50IjoicG9zdF9saW5rX3VybF9wYWdlIiwic2V0dGluZ3MiOnsicG9zdF9pZCI6IjE5NCJ9fQ==@\u00bb button_text=\u00bbHacer una reserva ahora\u00bb button_alignment=\u00bbcenter\u00bb _builder_version=\u00bb4.27.0&#8243; _dynamic_attributes=\u00bbbutton_url\u00bb _module_preset=\u00bbdefault\u00bb custom_button=\u00bbon\u00bb button_text_color=\u00bb#FFFFFF\u00bb global_colors_info=\u00bb{}\u00bb][\/et_pb_button][\/et_pb_column][\/et_pb_row][\/et_pb_section][et_pb_section fb_built=\u00bb1&#8243; _builder_version=\u00bb4.25.1&#8243; _module_preset=\u00bbdefault\u00bb background_color=\u00bbrgba(0,0,0,0.91)\u00bb saved_tabs=\u00bball\u00bb global_colors_info=\u00bb{}\u00bb global_module=\u00bb598&#8243; theme_builder_area=\u00bbpost_content\u00bb][et_pb_row column_structure=\u00bb1_4,1_4,1_4,1_4&#8243; _builder_version=\u00bb4.27.0&#8243; _module_preset=\u00bbdefault\u00bb global_colors_info=\u00bb{}\u00bb theme_builder_area=\u00bbpost_content\u00bb][et_pb_column type=\u00bb1_4&#8243; _builder_version=\u00bb4.25.1&#8243; _module_preset=\u00bbdefault\u00bb global_colors_info=\u00bb{}\u00bb theme_builder_area=\u00bbpost_content\u00bb][et_pb_blurb title=\u00bbHorarios\u00bb use_icon=\u00bbon\u00bb _builder_version=\u00bb4.27.0&#8243; _module_preset=\u00bbdefault\u00bb header_text_color=\u00bb#B1A374&#8243; body_text_color=\u00bb#FFFFFF\u00bb global_colors_info=\u00bb{}\u00bb theme_builder_area=\u00bbpost_content\u00bb]<p><span>Abierto de<\/span><br \/><span>Dom. a Juev. de 12 pm a 2 am.<\/span><br \/><span>Vier. y S\u00e1b. de 12 a 3 am.<\/span><\/p>[\/et_pb_blurb][\/et_pb_column][et_pb_column type=\u00bb1_4&#8243; _builder_version=\u00bb4.25.1&#8243; _module_preset=\u00bbdefault\u00bb global_colors_info=\u00bb{}\u00bb theme_builder_area=\u00bbpost_content\u00bb][et_pb_blurb title=\u00bbSegu\u00ednos\u00bb use_icon=\u00bbon\u00bb _builder_version=\u00bb4.27.0&#8243; _module_preset=\u00bbdefault\u00bb header_text_color=\u00bb#B1A374&#8243; body_text_color=\u00bb#FFFFFF\u00bb global_colors_info=\u00bb{}\u00bb theme_builder_area=\u00bbpost_content\u00bb][\/et_pb_blurb][et_pb_social_media_follow _builder_version=\u00bb4.27.2&#8243; _module_preset=\u00bbdefault\u00bb global_colors_info=\u00bb{}\u00bb theme_builder_area=\u00bbpost_content\u00bb][et_pb_social_media_follow_network social_network=\u00bbfacebook\u00bb url=\u00bbhttps:\/\/www.facebook.com\/puertocristal\/\u00bb icon_color=\u00bbrgba(0,0,0,0.9)\u00bb _builder_version=\u00bb4.27.2&#8243; _module_preset=\u00bbdefault\u00bb background_color=\u00bb#B1A374&#8243; background_enable_color=\u00bbon\u00bb global_colors_info=\u00bb{}\u00bb theme_builder_area=\u00bbpost_content\u00bb follow_button=\u00bboff\u00bb url_new_window=\u00bbon\u00bb]facebook[\/et_pb_social_media_follow_network][et_pb_social_media_follow_network social_network=\u00bbinstagram\u00bb url=\u00bbhttps:\/\/www.instagram.com\/puertocristal_restaurant\/\u00bb icon_color=\u00bbrgba(0,0,0,0.9)\u00bb _builder_version=\u00bb4.27.2&#8243; _module_preset=\u00bbdefault\u00bb background_color=\u00bb#B1A374&#8243; background_enable_color=\u00bbon\u00bb global_colors_info=\u00bb{}\u00bb theme_builder_area=\u00bbpost_content\u00bb follow_button=\u00bboff\u00bb url_new_window=\u00bbon\u00bb]instagram[\/et_pb_social_media_follow_network][et_pb_social_media_follow_network social_network=\u00bbtripadvisor\u00bb url=\u00bbhttps:\/\/www.tripadvisor.com.ar\/Restaurant_Review-g312741-d1218348-Reviews-Restaurante_Puerto_Cristal-Buenos_Aires_Capital_Federal_District.html\u00bb icon_color=\u00bbrgba(0,0,0,0.9)\u00bb _builder_version=\u00bb4.27.2&#8243; _module_preset=\u00bbdefault\u00bb background_color=\u00bb#B1A374&#8243; background_enable_color=\u00bbon\u00bb global_colors_info=\u00bb{}\u00bb theme_builder_area=\u00bbpost_content\u00bb follow_button=\u00bboff\u00bb url_new_window=\u00bbon\u00bb]tripadvisor[\/et_pb_social_media_follow_network][\/et_pb_social_media_follow][\/et_pb_column][et_pb_column type=\u00bb1_4&#8243; _builder_version=\u00bb4.25.1&#8243; _module_preset=\u00bbdefault\u00bb global_colors_info=\u00bb{}\u00bb theme_builder_area=\u00bbpost_content\u00bb][et_pb_blurb title=\u00bbContacto\u00bb use_icon=\u00bbon\u00bb _builder_version=\u00bb4.27.0&#8243; _module_preset=\u00bbdefault\u00bb header_text_color=\u00bb#B1A374&#8243; body_text_color=\u00bb#FFFFFF\u00bb global_colors_info=\u00bb{}\u00bb theme_builder_area=\u00bbpost_content\u00bb]<p>consultas@puerto-cristal.com.ar<br \/>Tel. +54 11 4331.3669<br \/><a href=\"https:\/\/walink.co\/40ec14\">Whatsapp: +54 9 11 4062-1293<\/a><\/p>[\/et_pb_blurb][\/et_pb_column][et_pb_column type=\u00bb1_4&#8243; _builder_version=\u00bb4.25.1&#8243; _module_preset=\u00bbdefault\u00bb global_colors_info=\u00bb{}\u00bb theme_builder_area=\u00bbpost_content\u00bb][et_pb_blurb title=\u00bbUbicaci\u00f3n\u00bb use_icon=\u00bbon\u00bb _builder_version=\u00bb4.27.0&#8243; _module_preset=\u00bbdefault\u00bb header_text_color=\u00bb#B1A374&#8243; body_text_color=\u00bb#FFFFFF\u00bb global_colors_info=\u00bb{}\u00bb theme_builder_area=\u00bbpost_content\u00bb]<p><span>Av. Alicia Moreau de Justo 1082,<\/span><br \/><span>Puerto Madero,<\/span><br \/><span>Buenos Aires, Argentina<\/span><\/p>[\/et_pb_blurb][\/et_pb_column][\/et_pb_row][\/et_pb_section]\n","protected":false},"excerpt":{"rendered":"<p>\n<div class=\"brm-menu fancy\">\n\n<div class=\"brm-menu-section\">\t\t<div class=\"brm-heading brm-group-17\" style=\"display: block;\">\n\t\t\t\t\t\t\t<h2>\n\t\t\t\t\t<span>\n\t\t\t\t\t\tLivre de Gl\u00faten\t\t\t\t\t<\/span>\n\t\t\t\t<\/h2>\n\t\t\t\t\t\t\t\t<\/div>\n\t<div class=\"brm-menu-section nested-child\">\t\t<div class=\"brm-heading brm-group-34 subgroup\" style=\"display: block;\">\n\t\t\t\t\t\t\t<h2>\n\t\t\t\t\t<span>\n\t\t\t\t\t\tEntradas\t\t\t\t\t<\/span>\n\t\t\t\t<\/h2>\n\t\t\t\t\t\t\t\t<\/div>\n\t\t<div class=\"brm-items subgroup\">\n\t\t\t<div class=\"brm-item brm-item-148\">\n\t\t\t\t\t\t<div class=\"brm-item-details\">\n\t\t\t\t<div class=\"brm-item-name\">Ostras ao gelo<\/div>\n\t\t\t\t<div class=\"brm-item-price\">&#036;0.00<\/div>\n\t\t\t\t<div class=\"brm-item-description\"><\/div>\n\t\t\t<\/div>\n\t\t<\/div>\n\t\t\t\t<div class=\"brm-item brm-item-149\">\n\t\t\t\t\t\t<div class=\"brm-item-details\">\n\t\t\t\t<div class=\"brm-item-name\">Polvo ao alho<\/div>\n\t\t\t\t<div class=\"brm-item-price\">&#036;0.00<\/div>\n\t\t\t\t<div class=\"brm-item-description\"><\/div>\n\t\t\t<\/div>\n\t\t<\/div>\n\t\t\t\t<div class=\"brm-item brm-item-150\">\n\t\t\t\t\t\t<div class=\"brm-item-details\">\n\t\t\t\t<div class=\"brm-item-name\">Camar\u00f5es grandes na chapa<\/div>\n\t\t\t\t<div class=\"brm-item-price\">&#036;0.00<\/div>\n\t\t\t\t<div class=\"brm-item-description\">Com arroz e a\u00e7afr\u00e3o<\/div>\n\t\t\t<\/div>\n\t\t<\/div>\n\t\t\t\t<div class=\"brm-item brm-item-151\">\n\t\t\t\t\t\t<div class=\"brm-item-details\">\n\t\t\t\t<div class=\"brm-item-name\">Tibia de Salm\u00f3n Rosado e camar\u00f5es medianos<\/div>\n\t\t\t\t<div class=\"brm-item-price\">&#036;0.00<\/div>\n\t\t\t\t<div class=\"brm-item-description\">Folhas verdes, salm\u00e3o, camar\u00f5es medianos com aceto, alcaparras e azeite<\/div>\n\t\t\t<\/div>\n\t\t<\/div>\n\t\t\t\t<div class=\"brm-item brm-item-152\">\n\t\t\t\t\t\t<div class=\"brm-item-details\">\n\t\t\t\t<div class=\"brm-item-name\">Carpaccio de Vitela amadurada<\/div>\n\t\t\t\t<div class=\"brm-item-price\">&#036;0.00<\/div>\n\t\t\t\t<div class=\"brm-item-description\">Alcaparras, r\u00facula, queijo Parmes\u00e3o e ovo escalfado de Codorna<\/div>\n\t\t\t<\/div>\n\t\t<\/div>\n\t\t\t\t<div class=\"brm-item brm-item-153\">\n\t\t\t\t\t\t<div class=\"brm-item-details\">\n\t\t\t\t<div class=\"brm-item-name\">Camar\u00f5es medianos \u00e3o Alho<\/div>\n\t\t\t\t<div class=\"brm-item-price\">&#036;0.00<\/div>\n\t\t\t\t<div class=\"brm-item-description\"><\/div>\n\t\t\t<\/div>\n\t\t<\/div>\n\t\t\t\t<div class=\"brm-item brm-item-154\">\n\t\t\t\t\t\t<div class=\"brm-item-details\">\n\t\t\t\t<div class=\"brm-item-name\">Provolone (provoleta)<\/div>\n\t\t\t\t<div class=\"brm-item-price\">&#036;0.00<\/div>\n\t\t\t\t<div class=\"brm-item-description\"><\/div>\n\t\t\t<\/div>\n\t\t<\/div>\n\t\t\t<\/div>\n\t<\/div><div class=\"brm-menu-section nested-child\">\t\t<div class=\"brm-heading brm-group-35 subgroup\" style=\"display: block;\">\n\t\t\t\t\t\t\t<h2>\n\t\t\t\t\t<span>\n\t\t\t\t\t\tPratos Principais\t\t\t\t\t<\/span>\n\t\t\t\t<\/h2>\n\t\t\t\t\t\t\t\t<\/div>\n\t\t<div class=\"brm-items subgroup\">\n\t\t\t<div class=\"brm-item brm-item-155\">\n\t\t\t\t\t\t<div class=\"brm-item-details\">\n\t\t\t\t<div class=\"brm-item-name\">Gnocchi de f\u00e9cula de mandioca e requeij\u00e3o<\/div>\n\t\t\t\t<div class=\"brm-item-price\">&#036;0.00<\/div>\n\t\t\t\t<div class=\"brm-item-description\">Ao molho pomodoro, alho e alcaparras<\/div>\n\t\t\t<\/div>\n\t\t<\/div>\n\t\t\t\t<div class=\"brm-item brm-item-156\">\n\t\t\t\t\t\t<div class=\"brm-item-details\">\n\t\t\t\t<div class=\"brm-item-name\">Fettuccine<\/div>\n\t\t\t\t<div class=\"brm-item-price\">&#036;0.00<\/div>\n\t\t\t\t<div class=\"brm-item-description\">Com molho creme de alho por\u00f3 e Salm\u00e3o Rosado<\/div>\n\t\t\t<\/div>\n\t\t<\/div>\n\t\t\t\t<div class=\"brm-item brm-item-157\">\n\t\t\t\t\t\t<div class=\"brm-item-details\">\n\t\t\t\t<div class=\"brm-item-name\">Salm\u00e3o Rosado Caprese<\/div>\n\t\t\t\t<div class=\"brm-item-price\">&#036;0.00<\/div>\n\t\t\t\t<div class=\"brm-item-description\">Recheado com bocconcini, tomate fresco e manjeric\u00e3o. Com piment\u00f5es e ab\u00f3bora grelhada.<\/div>\n\t\t\t<\/div>\n\t\t<\/div>\n\t\t\t\t<div class=\"brm-item brm-item-158\">\n\t\t\t\t\t\t<div class=\"brm-item-details\">\n\t\t\t\t<div class=\"brm-item-name\">Fil\u00e9 Mignon (380g)<\/div>\n\t\t\t\t<div class=\"brm-item-price\">&#036;0.00<\/div>\n\t\t\t\t<div class=\"brm-item-description\"><\/div>\n\t\t\t<\/div>\n\t\t<\/div>\n\t\t\t\t<div class=\"brm-item brm-item-159\">\n\t\t\t\t\t\t<div class=\"brm-item-details\">\n\t\t\t\t<div class=\"brm-item-name\">1\/4 Frango ao Lim\u00e3o<\/div>\n\t\t\t\t<div class=\"brm-item-price\">&#036;0.00<\/div>\n\t\t\t\t<div class=\"brm-item-description\">Com batatas \u00e0 espanhola (em rodelas)<\/div>\n\t\t\t<\/div>\n\t\t<\/div>\n\t\t\t\t<div class=\"brm-item brm-item-160\">\n\t\t\t\t\t\t<div class=\"brm-item-details\">\n\t\t\t\t<div class=\"brm-item-name\">Paella de Mariscos<\/div>\n\t\t\t\t<div class=\"brm-item-price\">&#036;0.00<\/div>\n\t\t\t\t<div class=\"brm-item-description\"><\/div>\n\t\t\t<\/div>\n\t\t<\/div>\n\t\t\t\t<div class=\"brm-item brm-item-161\">\n\t\t\t\t\t\t<div class=\"brm-item-details\">\n\t\t\t\t<div class=\"brm-item-name\">Polvo, Paelha Espanhola e camar\u00e3o<\/div>\n\t\t\t\t<div class=\"brm-item-price\">&#036;0.00<\/div>\n\t\t\t\t<div class=\"brm-item-description\"><\/div>\n\t\t\t<\/div>\n\t\t<\/div>\n\t\t\t\t<div class=\"brm-item brm-item-162\">\n\t\t\t\t\t\t<div class=\"brm-item-details\">\n\t\t\t\t<div class=\"brm-item-name\">Matambrito<\/div>\n\t\t\t\t<div class=\"brm-item-price\">&#036;0.00<\/div>\n\t\t\t\t<div class=\"brm-item-description\">Com espinafre a cr\u00e9me<\/div>\n\t\t\t<\/div>\n\t\t<\/div>\n\t\t\t\t<div class=\"brm-item brm-item-163\">\n\t\t\t\t\t\t<div class=\"brm-item-details\">\n\t\t\t\t<div class=\"brm-item-name\">Olho de Bife (450 gr)<\/div>\n\t\t\t\t<div class=\"brm-item-price\">&#036;0.00<\/div>\n\t\t\t\t<div class=\"brm-item-description\"><\/div>\n\t\t\t<\/div>\n\t\t<\/div>\n\t\t\t<\/div>\n\t<\/div><div class=\"brm-menu-section nested-child\">\t\t<div class=\"brm-heading brm-group-36 subgroup\" style=\"display: block;\">\n\t\t\t\t\t\t\t<h2>\n\t\t\t\t\t<span>\n\t\t\t\t\t\tSobremesas\t\t\t\t\t<\/span>\n\t\t\t\t<\/h2>\n\t\t\t\t\t\t\t\t<\/div>\n\t\t<div class=\"brm-items subgroup\">\n\t\t\t<div class=\"brm-item brm-item-164\">\n\t\t\t\t\t\t<div class=\"brm-item-details\">\n\t\t\t\t<div class=\"brm-item-name\">Cr\u00e8me Brul\u00e8 de baunilha<\/div>\n\t\t\t\t<div class=\"brm-item-price\">&#036;0.00<\/div>\n\t\t\t\t<div class=\"brm-item-description\">Com frutos vermelhos frescos<\/div>\n\t\t\t<\/div>\n\t\t<\/div>\n\t\t\t\t<div class=\"brm-item brm-item-165\">\n\t\t\t\t\t\t<div class=\"brm-item-details\">\n\t\t\t\t<div class=\"brm-item-name\">Cr\u00e8me \u00e0 Madrilesa<\/div>\n\t\t\t\t<div class=\"brm-item-price\">&#036;0.00<\/div>\n\t\t\t\t<div class=\"brm-item-description\"><\/div>\n\t\t\t<\/div>\n\t\t<\/div>\n\t\t\t\t<div class=\"brm-item brm-item-166\">\n\t\t\t\t\t\t<div class=\"brm-item-details\">\n\t\t\t\t<div class=\"brm-item-name\">G\u00e4te\u00e4u com mix de cremes geladas<\/div>\n\t\t\t\t<div class=\"brm-item-price\">&#036;0.00<\/div>\n\t\t\t\t<div class=\"brm-item-description\"><\/div>\n\t\t\t<\/div>\n\t\t<\/div>\n\t\t\t\t<div class=\"brm-item brm-item-167\">\n\t\t\t\t\t\t<div class=\"brm-item-details\">\n\t\t\t\t<div class=\"brm-item-name\">Sabay\u00f3n ao Champagne \/ Marsala \/ Oporto<\/div>\n\t\t\t\t<div class=\"brm-item-price\">&#036;0.00<\/div>\n\t\t\t\t<div class=\"brm-item-description\"><\/div>\n\t\t\t<\/div>\n\t\t<\/div>\n\t\t\t<\/div>\n\t<\/div><\/div>\n<\/div>\n<div class=\"pl-developer\"><span>Best Restaurant Menu Plugin by <\/span><a href=\"https:\/\/www.pricelisto.com\/plugins\">PriceListo<\/a><\/div>Abierto deDom. a Juev. de 12 pm a 2 am.Vier. y S\u00e1b. de 12 a 3 am.consultas@puerto-cristal.com.arTel. +54 11 4331.3669Whatsapp: +54 9 11 4062-1293Av. Alicia Moreau de Justo 1082,Puerto Madero,Buenos Aires, Argentina<\/p>\n","protected":false},"author":3,"featured_media":0,"parent":0,"menu_order":0,"comment_status":"closed","ping_status":"closed","template":"","meta":{"_et_pb_use_builder":"on","_et_pb_old_content":"","_et_gb_content_width":"","footnotes":""},"class_list":["post-320","page","type-page","status-publish","hentry"],"_links":{"self":[{"href":"https:\/\/puerto-cristal.com.ar\/por\/wp-json\/wp\/v2\/pages\/320","targetHints":{"allow":["GET"]}}],"collection":[{"href":"https:\/\/puerto-cristal.com.ar\/por\/wp-json\/wp\/v2\/pages"}],"about":[{"href":"https:\/\/puerto-cristal.com.ar\/por\/wp-json\/wp\/v2\/types\/page"}],"author":[{"embeddable":true,"href":"https:\/\/puerto-cristal.com.ar\/por\/wp-json\/wp\/v2\/users\/3"}],"replies":[{"embeddable":true,"href":"https:\/\/puerto-cristal.com.ar\/por\/wp-json\/wp\/v2\/comments?post=320"}],"version-history":[{"count":7,"href":"https:\/\/puerto-cristal.com.ar\/por\/wp-json\/wp\/v2\/pages\/320\/revisions"}],"predecessor-version":[{"id":711,"href":"https:\/\/puerto-cristal.com.ar\/por\/wp-json\/wp\/v2\/pages\/320\/revisions\/711"}],"wp:attachment":[{"href":"https:\/\/puerto-cristal.com.ar\/por\/wp-json\/wp\/v2\/media?parent=320"}],"curies":[{"name":"wp","href":"https:\/\/api.w.org\/{rel}","templated":true}]}}