{"id":212,"date":"2024-08-29T12:26:03","date_gmt":"2024-08-29T12:26:03","guid":{"rendered":"https:\/\/puerto-cristal.com.ar\/por\/?page_id=212"},"modified":"2024-10-24T22:44:34","modified_gmt":"2024-10-24T22:44:34","slug":"peixes-e-mariscos","status":"publish","type":"page","link":"https:\/\/puerto-cristal.com.ar\/por\/peixes-e-mariscos\/","title":{"rendered":"Peixes e Mariscos"},"content":{"rendered":"\n[et_pb_section fb_built=\u00bb1&#8243; _builder_version=\u00bb4.27.0&#8243; _module_preset=\u00bbdefault\u00bb background_image=\u00bbhttps:\/\/puerto-cristal.com.ar\/por\/wp-content\/uploads\/2024\/09\/mariscos2.jpg\u00bb parallax=\u00bbon\u00bb custom_padding=\u00bb0px||0px||false|false\u00bb global_colors_info=\u00bb{}\u00bb][et_pb_row _builder_version=\u00bb4.27.0&#8243; _module_preset=\u00bbdefault\u00bb background_color=\u00bbrgba(0,0,0,0.85)\u00bb global_colors_info=\u00bb{}\u00bb][et_pb_column type=\u00bb4_4&#8243; _builder_version=\u00bb4.27.0&#8243; _module_preset=\u00bbdefault\u00bb global_colors_info=\u00bb{}\u00bb][et_pb_code _builder_version=\u00bb4.27.0&#8243; _module_preset=\u00bbdefault\u00bb custom_css_free_form=\u00bbfont-family: &#8216;Excon Regular&#8217;, Helvetica, Arial, Lucida, sans-serif !important;\u00bb global_colors_info=\u00bb{}\u00bb]\n<div class=\"brm-menu fancy\">\n\n<div class=\"brm-menu-section\">\t\t<div class=\"brm-heading brm-group-9\" style=\"display: block;\">\n\t\t\t\t\t\t\t<h2>\n\t\t\t\t\t<span>\n\t\t\t\t\t\tPeixes e Mariscos\t\t\t\t\t<\/span>\n\t\t\t\t<\/h2>\n\t\t\t\t\t\t\t\t<\/div>\n\t\t<div class=\"brm-items\">\n\t\t\t<div class=\"brm-item brm-item-62\">\n\t\t\t\t\t\t<div class=\"brm-item-details\">\n\t\t\t\t<div class=\"brm-item-name\">Truta Vizcaya<\/div>\n\t\t\t\t<div class=\"brm-item-price\">&#036;0.00<\/div>\n\t\t\t\t<div class=\"brm-item-description\">Grelhada, com azeite, lim\u00e3o e br\u00f3colis gratinado com batatas ao bafo e br\u00f3colis au gratin.<\/div>\n\t\t\t<\/div>\n\t\t<\/div>\n\t\t\t\t<div class=\"brm-item brm-item-63\">\n\t\t\t\t\t\t<div class=\"brm-item-details\">\n\t\t\t\t<div class=\"brm-item-name\">Truta Costeira<\/div>\n\t\t\t\t<div class=\"brm-item-price\">&#036;0.00<\/div>\n\t\t\t\t<div class=\"brm-item-description\">Recheada com mexilh\u00f5es, queijo creme e alho-por\u00f3, com <br \/>\nsaur defumado com batatas mil fo\/has.<\/div>\n\t\t\t<\/div>\n\t\t<\/div>\n\t\t\t\t<div class=\"brm-item brm-item-64\">\n\t\t\t\t\t\t<div class=\"brm-item-details\">\n\t\t\t\t<div class=\"brm-item-name\">Badejo Blanch<\/div>\n\t\t\t\t<div class=\"brm-item-price\">&#036;0.00<\/div>\n\t\t\t\t<div class=\"brm-item-description\">Em molho de aceto bals\u00e3mico, alcaparras, azeite, champignons e cebolinha. Com arroz em tinta de lula, bloca de vegetais e queijo Provolone grelhado.<\/div>\n\t\t\t<\/div>\n\t\t<\/div>\n\t\t\t\t<div class=\"brm-item brm-item-65\">\n\t\t\t\t\t\t<div class=\"brm-item-details\">\n\t\t\t\t<div class=\"brm-item-name\">Linguado em molho de Alho-por\u00f3<\/div>\n\t\t\t\t<div class=\"brm-item-price\">&#036;0.00<\/div>\n\t\t\t\t<div class=\"brm-item-description\">Com camar\u00e3o e cogumelos, e pudim de couve-flor quatro queijos.<\/div>\n\t\t\t<\/div>\n\t\t<\/div>\n\t\t\t\t<div class=\"brm-item brm-item-66\">\n\t\t\t\t\t\t<div class=\"brm-item-details\">\n\t\t\t\t<div class=\"brm-item-name\">Medalh\u00e3o de Salm\u00e3o Rosado<\/div>\n\t\t\t\t<div class=\"brm-item-price\">&#036;0.00<\/div>\n\t\t\t\t<div class=\"brm-item-description\">Recheado de espinafre refogado com echa\/ates, azeite e lim\u00e3o. Acompanhado de Linguini Nero Di Sepia refogados com fatias de verduras e camar\u00e3o grande.<\/div>\n\t\t\t<\/div>\n\t\t<\/div>\n\t\t\t\t<div class=\"brm-item brm-item-67\">\n\t\t\t\t\t\t<div class=\"brm-item-details\">\n\t\t\t\t<div class=\"brm-item-name\">Salmao Rosado em Crosta<\/div>\n\t\t\t\t<div class=\"brm-item-price\">&#036;0.00<\/div>\n\t\t\t\t<div class=\"brm-item-description\">De sementes de gergelim, em molho de pepinos e ciboulette com batatinhas dos Andes, ao forno com alecrim fresco e tomate cereja.<\/div>\n\t\t\t<\/div>\n\t\t<\/div>\n\t\t\t\t<div class=\"brm-item brm-item-68\">\n\t\t\t\t\t\t<div class=\"brm-item-details\">\n\t\t\t\t<div class=\"brm-item-name\">Salm\u00e3o Rosado Capresse<\/div>\n\t\t\t\t<div class=\"brm-item-price\">&#036;0.00<\/div>\n\t\t\t\t<div class=\"brm-item-description\">Recheado com bocconcini, tomate fresco e manjeric\u00e3o. Com piment\u00f5es e ab\u00f3bora grelhadas.<\/div>\n\t\t\t<\/div>\n\t\t<\/div>\n\t\t\t\t<div class=\"brm-item brm-item-70\">\n\t\t\t\t\t\t<div class=\"brm-item-details\">\n\t\t\t\t<div class=\"brm-item-name\">Paella de Mariscos<\/div>\n\t\t\t\t<div class=\"brm-item-price\">&#036;0.00<\/div>\n\t\t\t\t<div class=\"brm-item-description\">(Para 1 pessoa)<\/div>\n\t\t\t<\/div>\n\t\t<\/div>\n\t\t\t\t<div class=\"brm-item brm-item-71\">\n\t\t\t\t\t\t<div class=\"brm-item-details\">\n\t\t\t\t<div class=\"brm-item-name\">Cumbuca de Mariscos<\/div>\n\t\t\t\t<div class=\"brm-item-price\">&#036;0.00<\/div>\n\t\t\t\t<div class=\"brm-item-description\">(Para 1 pessoa)<\/div>\n\t\t\t<\/div>\n\t\t<\/div>\n\t\t\t\t<div class=\"brm-item brm-item-72\">\n\t\t\t\t\t\t<div class=\"brm-item-details\">\n\t\t\t\t<div class=\"brm-item-name\">Cumbuca de Polvo Espanhol<\/div>\n\t\t\t\t<div class=\"brm-item-price\">&#036;0.00<\/div>\n\t\t\t\t<div class=\"brm-item-description\">(Para 1 pessoa)<\/div>\n\t\t\t<\/div>\n\t\t<\/div>\n\t\t\t\t<div class=\"brm-item brm-item-73\">\n\t\t\t\t\t\t<div class=\"brm-item-details\">\n\t\t\t\t<div class=\"brm-item-name\">Paella Espanhola com Polvo e Camarao<\/div>\n\t\t\t\t<div class=\"brm-item-price\">&#036;0.00<\/div>\n\t\t\t\t<div class=\"brm-item-description\">(Para 1 pessoa)<\/div>\n\t\t\t<\/div>\n\t\t<\/div>\n\t\t\t\t<div class=\"brm-item brm-item-74\">\n\t\t\t\t\t\t<div class=\"brm-item-details\">\n\t\t\t\t<div class=\"brm-item-name\">Polvo a &quot;Galega&quot;<\/div>\n\t\t\t\t<div class=\"brm-item-price\">&#036;0.00<\/div>\n\t\t\t\t<div class=\"brm-item-description\">(Para 1 pessoa) <br \/>\nCom azeite, piment\u00e3o espanhol e batatas ao bafo.<\/div>\n\t\t\t<\/div>\n\t\t<\/div>\n\t\t\t\t<div class=\"brm-item brm-item-75\">\n\t\t\t\t\t\t<div class=\"brm-item-details\">\n\t\t\t\t<div class=\"brm-item-name\">Mariscos e Pernas Grelhadas<\/div>\n\t\t\t\t<div class=\"brm-item-price\">&#036;0.00<\/div>\n\t\t\t\t<div class=\"brm-item-description\">Camar\u00f5es grandes, polvo, pernas de r\u00e3, camar\u00f5es m\u00e9dios e pequenos, com fideu\u00e1 de arroz asi\u00e1ticos.<\/div>\n\t\t\t<\/div>\n\t\t<\/div>\n\t\t\t\t<div class=\"brm-item brm-item-76\">\n\t\t\t\t\t\t<div class=\"brm-item-details\">\n\t\t\t\t<div class=\"brm-item-name\">Pescada Preta em Companhia<\/div>\n\t\t\t\t<div class=\"brm-item-price\">&#036;0.00<\/div>\n\t\t\t\t<div class=\"brm-item-description\">Com polvo, chipirones, mexilh\u00f5es, camar\u00f5es grandes, <br \/>\nchampignons na chapa, acompanhado de arroz e tamaras.<\/div>\n\t\t\t<\/div>\n\t\t<\/div>\n\t\t\t\t<div class=\"brm-item brm-item-77\">\n\t\t\t\t\t\t<div class=\"brm-item-details\">\n\t\t\t\t<div class=\"brm-item-name\">Pescada Preta Grelhada<\/div>\n\t\t\t\t<div class=\"brm-item-price\">&#036;0.00<\/div>\n\t\t\t\t<div class=\"brm-item-description\">Em azeite, lim\u00e3o e sementes, com batatas ao bafo.<\/div>\n\t\t\t<\/div>\n\t\t<\/div>\n\t\t\t\t<div class=\"brm-item brm-item-78\">\n\t\t\t\t\t\t<div class=\"brm-item-details\">\n\t\t\t\t<div class=\"brm-item-name\">Lagosta ao Champagne<\/div>\n\t\t\t\t<div class=\"brm-item-price\">&#036;0.00<\/div>\n\t\t\t\t<div class=\"brm-item-description\">Fundo de lagosta, cogumelos, camar\u00f5es m\u00e9dios, santo\/a e caviar.<\/div>\n\t\t\t<\/div>\n\t\t<\/div>\n\t\t\t\t<div class=\"brm-item brm-item-79\">\n\t\t\t\t\t\t<div class=\"brm-item-details\">\n\t\t\t\t<div class=\"brm-item-name\">Degusta\u00e7ao de Nossos Peixe<\/div>\n\t\t\t\t<div class=\"brm-item-price\">&#036;0.00<\/div>\n\t\t\t\t<div class=\"brm-item-description\">(Para 1 pessoa)<br \/>\nLinguado, pescada preta, salm\u00e3o branca, truta, badejo, salm\u00e3o rosado, chipirones, mexilh\u00f5es, camar\u00f5es grandes e polvo. Molho de aceto, azeite, cogumelos, alcaparras e finas ervas. Acompanhado de batatas azafroadas<\/div>\n\t\t\t<\/div>\n\t\t<\/div>\n\t\t\t<\/div>\n\t<\/div>\n<\/div>\n<div class=\"pl-developer\"><span>Best Restaurant Menu Plugin by <\/span><a href=\"https:\/\/www.pricelisto.com\/plugins\">PriceListo<\/a><\/div>[\/et_pb_code][\/et_pb_column][\/et_pb_row][\/et_pb_section][et_pb_section fb_built=\u00bb1&#8243; _builder_version=\u00bb4.27.0&#8243; _module_preset=\u00bbdefault\u00bb background_color=\u00bb#736A43&#8243; global_module=\u00bb198&#8243; saved_tabs=\u00bball\u00bb global_colors_info=\u00bb{}\u00bb][et_pb_row _builder_version=\u00bb4.27.0&#8243; _module_preset=\u00bbdefault\u00bb global_colors_info=\u00bb{}\u00bb][et_pb_column type=\u00bb4_4&#8243; _builder_version=\u00bb4.27.0&#8243; _module_preset=\u00bbdefault\u00bb global_colors_info=\u00bb{}\u00bb][et_pb_button button_url=\u00bb@ET-DC@eyJkeW5hbWljIjp0cnVlLCJjb250ZW50IjoicG9zdF9saW5rX3VybF9wYWdlIiwic2V0dGluZ3MiOnsicG9zdF9pZCI6IjE5NCJ9fQ==@\u00bb button_text=\u00bbHacer una reserva ahora\u00bb button_alignment=\u00bbcenter\u00bb _builder_version=\u00bb4.27.0&#8243; _dynamic_attributes=\u00bbbutton_url\u00bb _module_preset=\u00bbdefault\u00bb custom_button=\u00bbon\u00bb button_text_color=\u00bb#FFFFFF\u00bb global_colors_info=\u00bb{}\u00bb][\/et_pb_button][\/et_pb_column][\/et_pb_row][\/et_pb_section][et_pb_section fb_built=\u00bb1&#8243; _builder_version=\u00bb4.25.1&#8243; _module_preset=\u00bbdefault\u00bb background_color=\u00bbrgba(0,0,0,0.91)\u00bb saved_tabs=\u00bball\u00bb global_colors_info=\u00bb{}\u00bb global_module=\u00bb598&#8243; theme_builder_area=\u00bbpost_content\u00bb][et_pb_row column_structure=\u00bb1_4,1_4,1_4,1_4&#8243; _builder_version=\u00bb4.27.0&#8243; _module_preset=\u00bbdefault\u00bb global_colors_info=\u00bb{}\u00bb theme_builder_area=\u00bbpost_content\u00bb][et_pb_column type=\u00bb1_4&#8243; _builder_version=\u00bb4.25.1&#8243; _module_preset=\u00bbdefault\u00bb global_colors_info=\u00bb{}\u00bb theme_builder_area=\u00bbpost_content\u00bb][et_pb_blurb title=\u00bbHorarios\u00bb use_icon=\u00bbon\u00bb _builder_version=\u00bb4.27.0&#8243; _module_preset=\u00bbdefault\u00bb header_text_color=\u00bb#B1A374&#8243; body_text_color=\u00bb#FFFFFF\u00bb global_colors_info=\u00bb{}\u00bb theme_builder_area=\u00bbpost_content\u00bb]<p><span>Abierto de<\/span><br \/><span>Dom. a Juev. de 12 pm a 2 am.<\/span><br \/><span>Vier. y S\u00e1b. de 12 a 3 am.<\/span><\/p>[\/et_pb_blurb][\/et_pb_column][et_pb_column type=\u00bb1_4&#8243; _builder_version=\u00bb4.25.1&#8243; _module_preset=\u00bbdefault\u00bb global_colors_info=\u00bb{}\u00bb theme_builder_area=\u00bbpost_content\u00bb][et_pb_blurb title=\u00bbSegu\u00ednos\u00bb use_icon=\u00bbon\u00bb _builder_version=\u00bb4.27.0&#8243; _module_preset=\u00bbdefault\u00bb header_text_color=\u00bb#B1A374&#8243; body_text_color=\u00bb#FFFFFF\u00bb global_colors_info=\u00bb{}\u00bb theme_builder_area=\u00bbpost_content\u00bb][\/et_pb_blurb][et_pb_social_media_follow _builder_version=\u00bb4.27.2&#8243; _module_preset=\u00bbdefault\u00bb global_colors_info=\u00bb{}\u00bb theme_builder_area=\u00bbpost_content\u00bb][et_pb_social_media_follow_network social_network=\u00bbfacebook\u00bb url=\u00bbhttps:\/\/www.facebook.com\/puertocristal\/\u00bb icon_color=\u00bbrgba(0,0,0,0.9)\u00bb _builder_version=\u00bb4.27.2&#8243; _module_preset=\u00bbdefault\u00bb background_color=\u00bb#B1A374&#8243; background_enable_color=\u00bbon\u00bb global_colors_info=\u00bb{}\u00bb theme_builder_area=\u00bbpost_content\u00bb follow_button=\u00bboff\u00bb url_new_window=\u00bbon\u00bb]facebook[\/et_pb_social_media_follow_network][et_pb_social_media_follow_network social_network=\u00bbinstagram\u00bb url=\u00bbhttps:\/\/www.instagram.com\/puertocristal_restaurant\/\u00bb icon_color=\u00bbrgba(0,0,0,0.9)\u00bb _builder_version=\u00bb4.27.2&#8243; _module_preset=\u00bbdefault\u00bb background_color=\u00bb#B1A374&#8243; background_enable_color=\u00bbon\u00bb global_colors_info=\u00bb{}\u00bb theme_builder_area=\u00bbpost_content\u00bb follow_button=\u00bboff\u00bb url_new_window=\u00bbon\u00bb]instagram[\/et_pb_social_media_follow_network][et_pb_social_media_follow_network social_network=\u00bbtripadvisor\u00bb url=\u00bbhttps:\/\/www.tripadvisor.com.ar\/Restaurant_Review-g312741-d1218348-Reviews-Restaurante_Puerto_Cristal-Buenos_Aires_Capital_Federal_District.html\u00bb icon_color=\u00bbrgba(0,0,0,0.9)\u00bb _builder_version=\u00bb4.27.2&#8243; _module_preset=\u00bbdefault\u00bb background_color=\u00bb#B1A374&#8243; background_enable_color=\u00bbon\u00bb global_colors_info=\u00bb{}\u00bb theme_builder_area=\u00bbpost_content\u00bb follow_button=\u00bboff\u00bb url_new_window=\u00bbon\u00bb]tripadvisor[\/et_pb_social_media_follow_network][\/et_pb_social_media_follow][\/et_pb_column][et_pb_column type=\u00bb1_4&#8243; _builder_version=\u00bb4.25.1&#8243; _module_preset=\u00bbdefault\u00bb global_colors_info=\u00bb{}\u00bb theme_builder_area=\u00bbpost_content\u00bb][et_pb_blurb title=\u00bbContacto\u00bb use_icon=\u00bbon\u00bb _builder_version=\u00bb4.27.0&#8243; _module_preset=\u00bbdefault\u00bb header_text_color=\u00bb#B1A374&#8243; body_text_color=\u00bb#FFFFFF\u00bb global_colors_info=\u00bb{}\u00bb theme_builder_area=\u00bbpost_content\u00bb]<p>consultas@puerto-cristal.com.ar<br \/>Tel. +54 11 4331.3669<br \/><a href=\"https:\/\/walink.co\/40ec14\">Whatsapp: +54 9 11 4062-1293<\/a><\/p>[\/et_pb_blurb][\/et_pb_column][et_pb_column type=\u00bb1_4&#8243; _builder_version=\u00bb4.25.1&#8243; _module_preset=\u00bbdefault\u00bb global_colors_info=\u00bb{}\u00bb theme_builder_area=\u00bbpost_content\u00bb][et_pb_blurb title=\u00bbUbicaci\u00f3n\u00bb use_icon=\u00bbon\u00bb _builder_version=\u00bb4.27.0&#8243; _module_preset=\u00bbdefault\u00bb header_text_color=\u00bb#B1A374&#8243; body_text_color=\u00bb#FFFFFF\u00bb global_colors_info=\u00bb{}\u00bb theme_builder_area=\u00bbpost_content\u00bb]<p><span>Av. Alicia Moreau de Justo 1082,<\/span><br \/><span>Puerto Madero,<\/span><br \/><span>Buenos Aires, Argentina<\/span><\/p>[\/et_pb_blurb][\/et_pb_column][\/et_pb_row][\/et_pb_section]\n","protected":false},"excerpt":{"rendered":"<p>\n<div class=\"brm-menu fancy\">\n\n<div class=\"brm-menu-section\">\t\t<div class=\"brm-heading brm-group-9\" style=\"display: block;\">\n\t\t\t\t\t\t\t<h2>\n\t\t\t\t\t<span>\n\t\t\t\t\t\tPeixes e Mariscos\t\t\t\t\t<\/span>\n\t\t\t\t<\/h2>\n\t\t\t\t\t\t\t\t<\/div>\n\t\t<div class=\"brm-items\">\n\t\t\t<div class=\"brm-item brm-item-62\">\n\t\t\t\t\t\t<div class=\"brm-item-details\">\n\t\t\t\t<div class=\"brm-item-name\">Truta Vizcaya<\/div>\n\t\t\t\t<div class=\"brm-item-price\">&#036;0.00<\/div>\n\t\t\t\t<div class=\"brm-item-description\">Grelhada, com azeite, lim\u00e3o e br\u00f3colis gratinado com batatas ao bafo e br\u00f3colis au gratin.<\/div>\n\t\t\t<\/div>\n\t\t<\/div>\n\t\t\t\t<div class=\"brm-item brm-item-63\">\n\t\t\t\t\t\t<div class=\"brm-item-details\">\n\t\t\t\t<div class=\"brm-item-name\">Truta Costeira<\/div>\n\t\t\t\t<div class=\"brm-item-price\">&#036;0.00<\/div>\n\t\t\t\t<div class=\"brm-item-description\">Recheada com mexilh\u00f5es, queijo creme e alho-por\u00f3, com <br \/>\nsaur defumado com batatas mil fo\/has.<\/div>\n\t\t\t<\/div>\n\t\t<\/div>\n\t\t\t\t<div class=\"brm-item brm-item-64\">\n\t\t\t\t\t\t<div class=\"brm-item-details\">\n\t\t\t\t<div class=\"brm-item-name\">Badejo Blanch<\/div>\n\t\t\t\t<div class=\"brm-item-price\">&#036;0.00<\/div>\n\t\t\t\t<div class=\"brm-item-description\">Em molho de aceto bals\u00e3mico, alcaparras, azeite, champignons e cebolinha. Com arroz em tinta de lula, bloca de vegetais e queijo Provolone grelhado.<\/div>\n\t\t\t<\/div>\n\t\t<\/div>\n\t\t\t\t<div class=\"brm-item brm-item-65\">\n\t\t\t\t\t\t<div class=\"brm-item-details\">\n\t\t\t\t<div class=\"brm-item-name\">Linguado em molho de Alho-por\u00f3<\/div>\n\t\t\t\t<div class=\"brm-item-price\">&#036;0.00<\/div>\n\t\t\t\t<div class=\"brm-item-description\">Com camar\u00e3o e cogumelos, e pudim de couve-flor quatro queijos.<\/div>\n\t\t\t<\/div>\n\t\t<\/div>\n\t\t\t\t<div class=\"brm-item brm-item-66\">\n\t\t\t\t\t\t<div class=\"brm-item-details\">\n\t\t\t\t<div class=\"brm-item-name\">Medalh\u00e3o de Salm\u00e3o Rosado<\/div>\n\t\t\t\t<div class=\"brm-item-price\">&#036;0.00<\/div>\n\t\t\t\t<div class=\"brm-item-description\">Recheado de espinafre refogado com echa\/ates, azeite e lim\u00e3o. Acompanhado de Linguini Nero Di Sepia refogados com fatias de verduras e camar\u00e3o grande.<\/div>\n\t\t\t<\/div>\n\t\t<\/div>\n\t\t\t\t<div class=\"brm-item brm-item-67\">\n\t\t\t\t\t\t<div class=\"brm-item-details\">\n\t\t\t\t<div class=\"brm-item-name\">Salmao Rosado em Crosta<\/div>\n\t\t\t\t<div class=\"brm-item-price\">&#036;0.00<\/div>\n\t\t\t\t<div class=\"brm-item-description\">De sementes de gergelim, em molho de pepinos e ciboulette com batatinhas dos Andes, ao forno com alecrim fresco e tomate cereja.<\/div>\n\t\t\t<\/div>\n\t\t<\/div>\n\t\t\t\t<div class=\"brm-item brm-item-68\">\n\t\t\t\t\t\t<div class=\"brm-item-details\">\n\t\t\t\t<div class=\"brm-item-name\">Salm\u00e3o Rosado Capresse<\/div>\n\t\t\t\t<div class=\"brm-item-price\">&#036;0.00<\/div>\n\t\t\t\t<div class=\"brm-item-description\">Recheado com bocconcini, tomate fresco e manjeric\u00e3o. Com piment\u00f5es e ab\u00f3bora grelhadas.<\/div>\n\t\t\t<\/div>\n\t\t<\/div>\n\t\t\t\t<div class=\"brm-item brm-item-70\">\n\t\t\t\t\t\t<div class=\"brm-item-details\">\n\t\t\t\t<div class=\"brm-item-name\">Paella de Mariscos<\/div>\n\t\t\t\t<div class=\"brm-item-price\">&#036;0.00<\/div>\n\t\t\t\t<div class=\"brm-item-description\">(Para 1 pessoa)<\/div>\n\t\t\t<\/div>\n\t\t<\/div>\n\t\t\t\t<div class=\"brm-item brm-item-71\">\n\t\t\t\t\t\t<div class=\"brm-item-details\">\n\t\t\t\t<div class=\"brm-item-name\">Cumbuca de Mariscos<\/div>\n\t\t\t\t<div class=\"brm-item-price\">&#036;0.00<\/div>\n\t\t\t\t<div class=\"brm-item-description\">(Para 1 pessoa)<\/div>\n\t\t\t<\/div>\n\t\t<\/div>\n\t\t\t\t<div class=\"brm-item brm-item-72\">\n\t\t\t\t\t\t<div class=\"brm-item-details\">\n\t\t\t\t<div class=\"brm-item-name\">Cumbuca de Polvo Espanhol<\/div>\n\t\t\t\t<div class=\"brm-item-price\">&#036;0.00<\/div>\n\t\t\t\t<div class=\"brm-item-description\">(Para 1 pessoa)<\/div>\n\t\t\t<\/div>\n\t\t<\/div>\n\t\t\t\t<div class=\"brm-item brm-item-73\">\n\t\t\t\t\t\t<div class=\"brm-item-details\">\n\t\t\t\t<div class=\"brm-item-name\">Paella Espanhola com Polvo e Camarao<\/div>\n\t\t\t\t<div class=\"brm-item-price\">&#036;0.00<\/div>\n\t\t\t\t<div class=\"brm-item-description\">(Para 1 pessoa)<\/div>\n\t\t\t<\/div>\n\t\t<\/div>\n\t\t\t\t<div class=\"brm-item brm-item-74\">\n\t\t\t\t\t\t<div class=\"brm-item-details\">\n\t\t\t\t<div class=\"brm-item-name\">Polvo a &quot;Galega&quot;<\/div>\n\t\t\t\t<div class=\"brm-item-price\">&#036;0.00<\/div>\n\t\t\t\t<div class=\"brm-item-description\">(Para 1 pessoa) <br \/>\nCom azeite, piment\u00e3o espanhol e batatas ao bafo.<\/div>\n\t\t\t<\/div>\n\t\t<\/div>\n\t\t\t\t<div class=\"brm-item brm-item-75\">\n\t\t\t\t\t\t<div class=\"brm-item-details\">\n\t\t\t\t<div class=\"brm-item-name\">Mariscos e Pernas Grelhadas<\/div>\n\t\t\t\t<div class=\"brm-item-price\">&#036;0.00<\/div>\n\t\t\t\t<div class=\"brm-item-description\">Camar\u00f5es grandes, polvo, pernas de r\u00e3, camar\u00f5es m\u00e9dios e pequenos, com fideu\u00e1 de arroz asi\u00e1ticos.<\/div>\n\t\t\t<\/div>\n\t\t<\/div>\n\t\t\t\t<div class=\"brm-item brm-item-76\">\n\t\t\t\t\t\t<div class=\"brm-item-details\">\n\t\t\t\t<div class=\"brm-item-name\">Pescada Preta em Companhia<\/div>\n\t\t\t\t<div class=\"brm-item-price\">&#036;0.00<\/div>\n\t\t\t\t<div class=\"brm-item-description\">Com polvo, chipirones, mexilh\u00f5es, camar\u00f5es grandes, <br \/>\nchampignons na chapa, acompanhado de arroz e tamaras.<\/div>\n\t\t\t<\/div>\n\t\t<\/div>\n\t\t\t\t<div class=\"brm-item brm-item-77\">\n\t\t\t\t\t\t<div class=\"brm-item-details\">\n\t\t\t\t<div class=\"brm-item-name\">Pescada Preta Grelhada<\/div>\n\t\t\t\t<div class=\"brm-item-price\">&#036;0.00<\/div>\n\t\t\t\t<div class=\"brm-item-description\">Em azeite, lim\u00e3o e sementes, com batatas ao bafo.<\/div>\n\t\t\t<\/div>\n\t\t<\/div>\n\t\t\t\t<div class=\"brm-item brm-item-78\">\n\t\t\t\t\t\t<div class=\"brm-item-details\">\n\t\t\t\t<div class=\"brm-item-name\">Lagosta ao Champagne<\/div>\n\t\t\t\t<div class=\"brm-item-price\">&#036;0.00<\/div>\n\t\t\t\t<div class=\"brm-item-description\">Fundo de lagosta, cogumelos, camar\u00f5es m\u00e9dios, santo\/a e caviar.<\/div>\n\t\t\t<\/div>\n\t\t<\/div>\n\t\t\t\t<div class=\"brm-item brm-item-79\">\n\t\t\t\t\t\t<div class=\"brm-item-details\">\n\t\t\t\t<div class=\"brm-item-name\">Degusta\u00e7ao de Nossos Peixe<\/div>\n\t\t\t\t<div class=\"brm-item-price\">&#036;0.00<\/div>\n\t\t\t\t<div class=\"brm-item-description\">(Para 1 pessoa)<br \/>\nLinguado, pescada preta, salm\u00e3o branca, truta, badejo, salm\u00e3o rosado, chipirones, mexilh\u00f5es, camar\u00f5es grandes e polvo. Molho de aceto, azeite, cogumelos, alcaparras e finas ervas. Acompanhado de batatas azafroadas<\/div>\n\t\t\t<\/div>\n\t\t<\/div>\n\t\t\t<\/div>\n\t<\/div>\n<\/div>\n<div class=\"pl-developer\"><span>Best Restaurant Menu Plugin by <\/span><a href=\"https:\/\/www.pricelisto.com\/plugins\">PriceListo<\/a><\/div>Abierto deDom. a Juev. de 12 pm a 2 am.Vier. y S\u00e1b. de 12 a 3 am.consultas@puerto-cristal.com.arTel. +54 11 4331.3669Whatsapp: +54 9 11 4062-1293Av. Alicia Moreau de Justo 1082,Puerto Madero,Buenos Aires, Argentina<\/p>\n","protected":false},"author":3,"featured_media":0,"parent":0,"menu_order":0,"comment_status":"closed","ping_status":"closed","template":"","meta":{"_et_pb_use_builder":"on","_et_pb_old_content":"","_et_gb_content_width":"","footnotes":""},"class_list":["post-212","page","type-page","status-publish","hentry"],"_links":{"self":[{"href":"https:\/\/puerto-cristal.com.ar\/por\/wp-json\/wp\/v2\/pages\/212","targetHints":{"allow":["GET"]}}],"collection":[{"href":"https:\/\/puerto-cristal.com.ar\/por\/wp-json\/wp\/v2\/pages"}],"about":[{"href":"https:\/\/puerto-cristal.com.ar\/por\/wp-json\/wp\/v2\/types\/page"}],"author":[{"embeddable":true,"href":"https:\/\/puerto-cristal.com.ar\/por\/wp-json\/wp\/v2\/users\/3"}],"replies":[{"embeddable":true,"href":"https:\/\/puerto-cristal.com.ar\/por\/wp-json\/wp\/v2\/comments?post=212"}],"version-history":[{"count":10,"href":"https:\/\/puerto-cristal.com.ar\/por\/wp-json\/wp\/v2\/pages\/212\/revisions"}],"predecessor-version":[{"id":701,"href":"https:\/\/puerto-cristal.com.ar\/por\/wp-json\/wp\/v2\/pages\/212\/revisions\/701"}],"wp:attachment":[{"href":"https:\/\/puerto-cristal.com.ar\/por\/wp-json\/wp\/v2\/media?parent=212"}],"curies":[{"name":"wp","href":"https:\/\/api.w.org\/{rel}","templated":true}]}}