{"id":160,"date":"2024-08-20T23:22:53","date_gmt":"2024-08-20T23:22:53","guid":{"rendered":"https:\/\/puerto-cristal.com.ar\/por\/?page_id=160"},"modified":"2024-10-24T22:45:44","modified_gmt":"2024-10-24T22:45:44","slug":"sobremesas","status":"publish","type":"page","link":"https:\/\/puerto-cristal.com.ar\/por\/sobremesas\/","title":{"rendered":"Sobremesas"},"content":{"rendered":"\n[et_pb_section fb_built=\u00bb1&#8243; _builder_version=\u00bb4.27.0&#8243; _module_preset=\u00bbdefault\u00bb background_image=\u00bbhttps:\/\/puerto-cristal.com.ar\/por\/wp-content\/uploads\/2024\/09\/postres.jpg.jpg\u00bb parallax=\u00bbon\u00bb custom_padding=\u00bb0px||0px||false|false\u00bb global_colors_info=\u00bb{}\u00bb][et_pb_row _builder_version=\u00bb4.27.0&#8243; _module_preset=\u00bbdefault\u00bb background_color=\u00bbrgba(0,0,0,0.85)\u00bb global_colors_info=\u00bb{}\u00bb][et_pb_column type=\u00bb4_4&#8243; _builder_version=\u00bb4.27.0&#8243; _module_preset=\u00bbdefault\u00bb global_colors_info=\u00bb{}\u00bb][et_pb_code _builder_version=\u00bb4.27.0&#8243; _module_preset=\u00bbdefault\u00bb custom_css_free_form=\u00bbfont-family: &#8216;Excon Regular&#8217;, Helvetica, Arial, Lucida, sans-serif !important;\u00bb global_colors_info=\u00bb{}\u00bb]\n<div class=\"brm-menu fancy\">\n\n<div class=\"brm-menu-section\">\t\t<div class=\"brm-heading brm-group-4\" style=\"display: block;\">\n\t\t\t\t\t\t\t<h2>\n\t\t\t\t\t<span>\n\t\t\t\t\t\tSobremesas\t\t\t\t\t<\/span>\n\t\t\t\t<\/h2>\n\t\t\t\t\t\t\t\t<\/div>\n\t\t<div class=\"brm-items\">\n\t\t\t<div class=\"brm-item brm-item-9\">\n\t\t\t\t\t\t<div class=\"brm-item-details\">\n\t\t\t\t<div class=\"brm-item-name\">Vulc\u00e3o de chocolate e doce de leite com sorvete de baunilha<\/div>\n\t\t\t\t<div class=\"brm-item-price\">&#036;0.00<\/div>\n\t\t\t\t<div class=\"brm-item-description\"><\/div>\n\t\t\t<\/div>\n\t\t<\/div>\n\t\t\t\t<div class=\"brm-item brm-item-10\">\n\t\t\t\t\t\t<div class=\"brm-item-details\">\n\t\t\t\t<div class=\"brm-item-name\">Panqueca de Ma\u00e7\u00e3 queimada ao Rum<\/div>\n\t\t\t\t<div class=\"brm-item-price\">&#036;0.00<\/div>\n\t\t\t\t<div class=\"brm-item-description\"><\/div>\n\t\t\t<\/div>\n\t\t<\/div>\n\t\t\t\t<div class=\"brm-item brm-item-11\">\n\t\t\t\t\t\t<div class=\"brm-item-details\">\n\t\t\t\t<div class=\"brm-item-name\">Creme \u00e1 Madrilesa. Doce a base de leite, ovos, baunilha e casca de c\u00edtricos<\/div>\n\t\t\t\t<div class=\"brm-item-price\">&#036;0.00<\/div>\n\t\t\t\t<div class=\"brm-item-description\"><\/div>\n\t\t\t<\/div>\n\t\t<\/div>\n\t\t\t\t<div class=\"brm-item brm-item-12\">\n\t\t\t\t\t\t<div class=\"brm-item-details\">\n\t\t\t\t<div class=\"brm-item-name\">Ilha Flutuante com Base de Creme de Leite e Am\u00eandoas Confeitadas<\/div>\n\t\t\t\t<div class=\"brm-item-price\">&#036;0.00<\/div>\n\t\t\t\t<div class=\"brm-item-description\"><\/div>\n\t\t\t<\/div>\n\t\t<\/div>\n\t\t\t\t<div class=\"brm-item brm-item-13\">\n\t\t\t\t\t\t<div class=\"brm-item-details\">\n\t\t\t\t<div class=\"brm-item-name\">Nosso Tiramisu<\/div>\n\t\t\t\t<div class=\"brm-item-price\">&#036;0.00<\/div>\n\t\t\t\t<div class=\"brm-item-description\"><\/div>\n\t\t\t<\/div>\n\t\t<\/div>\n\t\t\t\t<div class=\"brm-item brm-item-14\">\n\t\t\t\t\t\t<div class=\"brm-item-details\">\n\t\t\t\t<div class=\"brm-item-name\">Creme Brul\u00e9e de baunilha com frutos roxos frescos<\/div>\n\t\t\t\t<div class=\"brm-item-price\">&#036;0.00<\/div>\n\t\t\t\t<div class=\"brm-item-description\"><\/div>\n\t\t\t<\/div>\n\t\t<\/div>\n\t\t\t\t<div class=\"brm-item brm-item-15\">\n\t\t\t\t\t\t<div class=\"brm-item-details\">\n\t\t\t\t<div class=\"brm-item-name\">Zabaione Morno com Champagne, Marsala o Porto<\/div>\n\t\t\t\t<div class=\"brm-item-price\">&#036;0.00<\/div>\n\t\t\t\t<div class=\"brm-item-description\"><\/div>\n\t\t\t<\/div>\n\t\t<\/div>\n\t\t\t\t<div class=\"brm-item brm-item-16\">\n\t\t\t\t\t\t<div class=\"brm-item-details\">\n\t\t\t\t<div class=\"brm-item-name\">Brownie com Sorvete de Creme e Molho de Chocolate<\/div>\n\t\t\t\t<div class=\"brm-item-price\">&#036;0.00<\/div>\n\t\t\t\t<div class=\"brm-item-description\"><\/div>\n\t\t\t<\/div>\n\t\t<\/div>\n\t\t\t\t<div class=\"brm-item brm-item-17\">\n\t\t\t\t\t\t<div class=\"brm-item-details\">\n\t\t\t\t<div class=\"brm-item-name\">Crepe Recheada com Sorvete, Molho de Laranja, Am\u00eandoas e Morangos<\/div>\n\t\t\t\t<div class=\"brm-item-price\">&#036;0.00<\/div>\n\t\t\t\t<div class=\"brm-item-description\"><\/div>\n\t\t\t<\/div>\n\t\t<\/div>\n\t\t\t\t<div class=\"brm-item brm-item-18\">\n\t\t\t\t\t\t<div class=\"brm-item-details\">\n\t\t\t\t<div class=\"brm-item-name\">Prazer Real<\/div>\n\t\t\t\t<div class=\"brm-item-price\">&#036;0.00<\/div>\n\t\t\t\t<div class=\"brm-item-description\">Coroa de Morangos, Sorvete de Creme, Suspiros, Cointreau, Molho de Laranja e Am\u00eandoas<\/div>\n\t\t\t<\/div>\n\t\t<\/div>\n\t\t\t\t<div class=\"brm-item brm-item-19\">\n\t\t\t\t\t\t<div class=\"brm-item-details\">\n\t\t\t\t<div class=\"brm-item-name\">Morangos \u00e1 Suiza<\/div>\n\t\t\t\t<div class=\"brm-item-price\">&#036;0.00<\/div>\n\t\t\t\t<div class=\"brm-item-description\">Sorvete de Creme, Pimenta Preta e Licor Kirsch<\/div>\n\t\t\t<\/div>\n\t\t<\/div>\n\t\t\t\t<div class=\"brm-item brm-item-20\">\n\t\t\t\t\t\t<div class=\"brm-item-details\">\n\t\t\t\t<div class=\"brm-item-name\">Morangos, Zabaione e Nozes<\/div>\n\t\t\t\t<div class=\"brm-item-price\">&#036;0.00<\/div>\n\t\t\t\t<div class=\"brm-item-description\">Com sorvete se Creme<\/div>\n\t\t\t<\/div>\n\t\t<\/div>\n\t\t\t\t<div class=\"brm-item brm-item-21\">\n\t\t\t\t\t\t<div class=\"brm-item-details\">\n\t\t\t\t<div class=\"brm-item-name\">Prato de Frutas<\/div>\n\t\t\t\t<div class=\"brm-item-price\">&#036;0.00<\/div>\n\t\t\t\t<div class=\"brm-item-description\"><\/div>\n\t\t\t<\/div>\n\t\t<\/div>\n\t\t\t\t<div class=\"brm-item brm-item-22\">\n\t\t\t\t\t\t<div class=\"brm-item-details\">\n\t\t\t\t<div class=\"brm-item-name\">G\u00e2t\u00eaau com Cremes Geladas com molho de Framboesa<\/div>\n\t\t\t\t<div class=\"brm-item-price\">&#036;0.00<\/div>\n\t\t\t\t<div class=\"brm-item-description\"><\/div>\n\t\t\t<\/div>\n\t\t<\/div>\n\t\t\t\t<div class=\"brm-item brm-item-23\">\n\t\t\t\t\t\t<div class=\"brm-item-details\">\n\t\t\t\t<div class=\"brm-item-name\">Copa Cristal<\/div>\n\t\t\t\t<div class=\"brm-item-price\">&#036;0.00<\/div>\n\t\t\t\t<div class=\"brm-item-description\">Com morangos, Kiwi, Sorvete de Creme, Molho de Caramelo, Chocolate Ralado e gotas de Licor Kirsch<\/div>\n\t\t\t<\/div>\n\t\t<\/div>\n\t\t\t\t<div class=\"brm-item brm-item-24\">\n\t\t\t\t\t\t<div class=\"brm-item-details\">\n\t\t\t\t<div class=\"brm-item-name\">Degusta\u00e7\u00e3o de Sobremesas<\/div>\n\t\t\t\t<div class=\"brm-item-price\">&#036;0.00<\/div>\n\t\t\t\t<div class=\"brm-item-description\">Mini Vulc\u00e3o de chocolate, lemon curd, morangos com chantilly, crumble de ma\u00e7\u00e3, sorvete de maracuy\u00e1 e ganache de chocolate (Para compartir)<\/div>\n\t\t\t<\/div>\n\t\t<\/div>\n\t\t\t<\/div>\n\t<\/div><div class=\"brm-menu-section\">\t\t<div class=\"brm-heading brm-group-5\" style=\"display: block;\">\n\t\t\t\t\t\t\t<h2>\n\t\t\t\t\t<span>\n\t\t\t\t\t\tSobremesas Unicas\t\t\t\t\t<\/span>\n\t\t\t\t<\/h2>\n\t\t\t\t\t\t\t\t<\/div>\n\t\t<div class=\"brm-items\">\n\t\t\t<div class=\"brm-item brm-item-25\">\n\t\t\t\t\t\t<div class=\"brm-item-details\">\n\t\t\t\t<div class=\"brm-item-name\">Moma de Ma\u00e7\u00e2 e Canela<\/div>\n\t\t\t\t<div class=\"brm-item-price\">&#036;0.00<\/div>\n\t\t\t\t<div class=\"brm-item-description\">Com crocante de frutos secos e Sorvete de Mascarpone.<\/div>\n\t\t\t<\/div>\n\t\t<\/div>\n\t\t\t\t<div class=\"brm-item brm-item-26\">\n\t\t\t\t\t\t<div class=\"brm-item-details\">\n\t\t\t\t<div class=\"brm-item-name\">Cheesecake de Pistaches e Baileys<\/div>\n\t\t\t\t<div class=\"brm-item-price\">&#036;0.00<\/div>\n\t\t\t\t<div class=\"brm-item-description\"><\/div>\n\t\t\t<\/div>\n\t\t<\/div>\n\t\t\t<\/div>\n\t<\/div>\n<\/div>\n<div class=\"pl-developer\"><span>Best Restaurant Menu Plugin by <\/span><a href=\"https:\/\/www.pricelisto.com\/plugins\">PriceListo<\/a><\/div>[\/et_pb_code][\/et_pb_column][\/et_pb_row][\/et_pb_section][et_pb_section fb_built=\u00bb1&#8243; _builder_version=\u00bb4.27.0&#8243; _module_preset=\u00bbdefault\u00bb background_color=\u00bb#736A43&#8243; global_module=\u00bb198&#8243; global_colors_info=\u00bb{}\u00bb][et_pb_row _builder_version=\u00bb4.27.0&#8243; _module_preset=\u00bbdefault\u00bb global_colors_info=\u00bb{}\u00bb][et_pb_column type=\u00bb4_4&#8243; _builder_version=\u00bb4.27.0&#8243; _module_preset=\u00bbdefault\u00bb global_colors_info=\u00bb{}\u00bb][et_pb_button button_url=\u00bb@ET-DC@eyJkeW5hbWljIjp0cnVlLCJjb250ZW50IjoicG9zdF9saW5rX3VybF9wYWdlIiwic2V0dGluZ3MiOnsicG9zdF9pZCI6IjE5NCJ9fQ==@\u00bb button_text=\u00bbHacer una reserva ahora\u00bb button_alignment=\u00bbcenter\u00bb _builder_version=\u00bb4.27.0&#8243; _dynamic_attributes=\u00bbbutton_url\u00bb _module_preset=\u00bbdefault\u00bb custom_button=\u00bbon\u00bb button_text_color=\u00bb#FFFFFF\u00bb global_colors_info=\u00bb{}\u00bb][\/et_pb_button][\/et_pb_column][\/et_pb_row][\/et_pb_section][et_pb_section fb_built=\u00bb1&#8243; _builder_version=\u00bb4.25.1&#8243; _module_preset=\u00bbdefault\u00bb background_color=\u00bbrgba(0,0,0,0.91)\u00bb saved_tabs=\u00bball\u00bb global_colors_info=\u00bb{}\u00bb global_module=\u00bb598&#8243; theme_builder_area=\u00bbpost_content\u00bb][et_pb_row column_structure=\u00bb1_4,1_4,1_4,1_4&#8243; _builder_version=\u00bb4.27.0&#8243; _module_preset=\u00bbdefault\u00bb global_colors_info=\u00bb{}\u00bb theme_builder_area=\u00bbpost_content\u00bb][et_pb_column type=\u00bb1_4&#8243; _builder_version=\u00bb4.25.1&#8243; _module_preset=\u00bbdefault\u00bb global_colors_info=\u00bb{}\u00bb theme_builder_area=\u00bbpost_content\u00bb][et_pb_blurb title=\u00bbHorarios\u00bb use_icon=\u00bbon\u00bb _builder_version=\u00bb4.27.0&#8243; _module_preset=\u00bbdefault\u00bb header_text_color=\u00bb#B1A374&#8243; body_text_color=\u00bb#FFFFFF\u00bb global_colors_info=\u00bb{}\u00bb theme_builder_area=\u00bbpost_content\u00bb]<p><span>Abierto de<\/span><br \/><span>Dom. a Juev. de 12 pm a 2 am.<\/span><br \/><span>Vier. y S\u00e1b. de 12 a 3 am.<\/span><\/p>[\/et_pb_blurb][\/et_pb_column][et_pb_column type=\u00bb1_4&#8243; _builder_version=\u00bb4.25.1&#8243; _module_preset=\u00bbdefault\u00bb global_colors_info=\u00bb{}\u00bb theme_builder_area=\u00bbpost_content\u00bb][et_pb_blurb title=\u00bbSegu\u00ednos\u00bb use_icon=\u00bbon\u00bb _builder_version=\u00bb4.27.0&#8243; _module_preset=\u00bbdefault\u00bb header_text_color=\u00bb#B1A374&#8243; body_text_color=\u00bb#FFFFFF\u00bb global_colors_info=\u00bb{}\u00bb theme_builder_area=\u00bbpost_content\u00bb][\/et_pb_blurb][et_pb_social_media_follow _builder_version=\u00bb4.27.2&#8243; _module_preset=\u00bbdefault\u00bb global_colors_info=\u00bb{}\u00bb theme_builder_area=\u00bbpost_content\u00bb][et_pb_social_media_follow_network social_network=\u00bbfacebook\u00bb url=\u00bbhttps:\/\/www.facebook.com\/puertocristal\/\u00bb icon_color=\u00bbrgba(0,0,0,0.9)\u00bb _builder_version=\u00bb4.27.2&#8243; _module_preset=\u00bbdefault\u00bb background_color=\u00bb#B1A374&#8243; background_enable_color=\u00bbon\u00bb global_colors_info=\u00bb{}\u00bb theme_builder_area=\u00bbpost_content\u00bb follow_button=\u00bboff\u00bb url_new_window=\u00bbon\u00bb]facebook[\/et_pb_social_media_follow_network][et_pb_social_media_follow_network social_network=\u00bbinstagram\u00bb url=\u00bbhttps:\/\/www.instagram.com\/puertocristal_restaurant\/\u00bb icon_color=\u00bbrgba(0,0,0,0.9)\u00bb _builder_version=\u00bb4.27.2&#8243; _module_preset=\u00bbdefault\u00bb background_color=\u00bb#B1A374&#8243; background_enable_color=\u00bbon\u00bb global_colors_info=\u00bb{}\u00bb theme_builder_area=\u00bbpost_content\u00bb follow_button=\u00bboff\u00bb url_new_window=\u00bbon\u00bb]instagram[\/et_pb_social_media_follow_network][et_pb_social_media_follow_network social_network=\u00bbtripadvisor\u00bb url=\u00bbhttps:\/\/www.tripadvisor.com.ar\/Restaurant_Review-g312741-d1218348-Reviews-Restaurante_Puerto_Cristal-Buenos_Aires_Capital_Federal_District.html\u00bb icon_color=\u00bbrgba(0,0,0,0.9)\u00bb _builder_version=\u00bb4.27.2&#8243; _module_preset=\u00bbdefault\u00bb background_color=\u00bb#B1A374&#8243; background_enable_color=\u00bbon\u00bb global_colors_info=\u00bb{}\u00bb theme_builder_area=\u00bbpost_content\u00bb follow_button=\u00bboff\u00bb url_new_window=\u00bbon\u00bb]tripadvisor[\/et_pb_social_media_follow_network][\/et_pb_social_media_follow][\/et_pb_column][et_pb_column type=\u00bb1_4&#8243; _builder_version=\u00bb4.25.1&#8243; _module_preset=\u00bbdefault\u00bb global_colors_info=\u00bb{}\u00bb theme_builder_area=\u00bbpost_content\u00bb][et_pb_blurb title=\u00bbContacto\u00bb use_icon=\u00bbon\u00bb _builder_version=\u00bb4.27.0&#8243; _module_preset=\u00bbdefault\u00bb header_text_color=\u00bb#B1A374&#8243; body_text_color=\u00bb#FFFFFF\u00bb global_colors_info=\u00bb{}\u00bb theme_builder_area=\u00bbpost_content\u00bb]<p>consultas@puerto-cristal.com.ar<br \/>Tel. +54 11 4331.3669<br \/><a href=\"https:\/\/walink.co\/40ec14\">Whatsapp: +54 9 11 4062-1293<\/a><\/p>[\/et_pb_blurb][\/et_pb_column][et_pb_column type=\u00bb1_4&#8243; _builder_version=\u00bb4.25.1&#8243; _module_preset=\u00bbdefault\u00bb global_colors_info=\u00bb{}\u00bb theme_builder_area=\u00bbpost_content\u00bb][et_pb_blurb title=\u00bbUbicaci\u00f3n\u00bb use_icon=\u00bbon\u00bb _builder_version=\u00bb4.27.0&#8243; _module_preset=\u00bbdefault\u00bb header_text_color=\u00bb#B1A374&#8243; body_text_color=\u00bb#FFFFFF\u00bb global_colors_info=\u00bb{}\u00bb theme_builder_area=\u00bbpost_content\u00bb]<p><span>Av. Alicia Moreau de Justo 1082,<\/span><br \/><span>Puerto Madero,<\/span><br \/><span>Buenos Aires, Argentina<\/span><\/p>[\/et_pb_blurb][\/et_pb_column][\/et_pb_row][\/et_pb_section]\n","protected":false},"excerpt":{"rendered":"<p>\n<div class=\"brm-menu fancy\">\n\n<div class=\"brm-menu-section\">\t\t<div class=\"brm-heading brm-group-4\" style=\"display: block;\">\n\t\t\t\t\t\t\t<h2>\n\t\t\t\t\t<span>\n\t\t\t\t\t\tSobremesas\t\t\t\t\t<\/span>\n\t\t\t\t<\/h2>\n\t\t\t\t\t\t\t\t<\/div>\n\t\t<div class=\"brm-items\">\n\t\t\t<div class=\"brm-item brm-item-9\">\n\t\t\t\t\t\t<div class=\"brm-item-details\">\n\t\t\t\t<div class=\"brm-item-name\">Vulc\u00e3o de chocolate e doce de leite com sorvete de baunilha<\/div>\n\t\t\t\t<div class=\"brm-item-price\">&#036;0.00<\/div>\n\t\t\t\t<div class=\"brm-item-description\"><\/div>\n\t\t\t<\/div>\n\t\t<\/div>\n\t\t\t\t<div class=\"brm-item brm-item-10\">\n\t\t\t\t\t\t<div class=\"brm-item-details\">\n\t\t\t\t<div class=\"brm-item-name\">Panqueca de Ma\u00e7\u00e3 queimada ao Rum<\/div>\n\t\t\t\t<div class=\"brm-item-price\">&#036;0.00<\/div>\n\t\t\t\t<div class=\"brm-item-description\"><\/div>\n\t\t\t<\/div>\n\t\t<\/div>\n\t\t\t\t<div class=\"brm-item brm-item-11\">\n\t\t\t\t\t\t<div class=\"brm-item-details\">\n\t\t\t\t<div class=\"brm-item-name\">Creme \u00e1 Madrilesa. Doce a base de leite, ovos, baunilha e casca de c\u00edtricos<\/div>\n\t\t\t\t<div class=\"brm-item-price\">&#036;0.00<\/div>\n\t\t\t\t<div class=\"brm-item-description\"><\/div>\n\t\t\t<\/div>\n\t\t<\/div>\n\t\t\t\t<div class=\"brm-item brm-item-12\">\n\t\t\t\t\t\t<div class=\"brm-item-details\">\n\t\t\t\t<div class=\"brm-item-name\">Ilha Flutuante com Base de Creme de Leite e Am\u00eandoas Confeitadas<\/div>\n\t\t\t\t<div class=\"brm-item-price\">&#036;0.00<\/div>\n\t\t\t\t<div class=\"brm-item-description\"><\/div>\n\t\t\t<\/div>\n\t\t<\/div>\n\t\t\t\t<div class=\"brm-item brm-item-13\">\n\t\t\t\t\t\t<div class=\"brm-item-details\">\n\t\t\t\t<div class=\"brm-item-name\">Nosso Tiramisu<\/div>\n\t\t\t\t<div class=\"brm-item-price\">&#036;0.00<\/div>\n\t\t\t\t<div class=\"brm-item-description\"><\/div>\n\t\t\t<\/div>\n\t\t<\/div>\n\t\t\t\t<div class=\"brm-item brm-item-14\">\n\t\t\t\t\t\t<div class=\"brm-item-details\">\n\t\t\t\t<div class=\"brm-item-name\">Creme Brul\u00e9e de baunilha com frutos roxos frescos<\/div>\n\t\t\t\t<div class=\"brm-item-price\">&#036;0.00<\/div>\n\t\t\t\t<div class=\"brm-item-description\"><\/div>\n\t\t\t<\/div>\n\t\t<\/div>\n\t\t\t\t<div class=\"brm-item brm-item-15\">\n\t\t\t\t\t\t<div class=\"brm-item-details\">\n\t\t\t\t<div class=\"brm-item-name\">Zabaione Morno com Champagne, Marsala o Porto<\/div>\n\t\t\t\t<div class=\"brm-item-price\">&#036;0.00<\/div>\n\t\t\t\t<div class=\"brm-item-description\"><\/div>\n\t\t\t<\/div>\n\t\t<\/div>\n\t\t\t\t<div class=\"brm-item brm-item-16\">\n\t\t\t\t\t\t<div class=\"brm-item-details\">\n\t\t\t\t<div class=\"brm-item-name\">Brownie com Sorvete de Creme e Molho de Chocolate<\/div>\n\t\t\t\t<div class=\"brm-item-price\">&#036;0.00<\/div>\n\t\t\t\t<div class=\"brm-item-description\"><\/div>\n\t\t\t<\/div>\n\t\t<\/div>\n\t\t\t\t<div class=\"brm-item brm-item-17\">\n\t\t\t\t\t\t<div class=\"brm-item-details\">\n\t\t\t\t<div class=\"brm-item-name\">Crepe Recheada com Sorvete, Molho de Laranja, Am\u00eandoas e Morangos<\/div>\n\t\t\t\t<div class=\"brm-item-price\">&#036;0.00<\/div>\n\t\t\t\t<div class=\"brm-item-description\"><\/div>\n\t\t\t<\/div>\n\t\t<\/div>\n\t\t\t\t<div class=\"brm-item brm-item-18\">\n\t\t\t\t\t\t<div class=\"brm-item-details\">\n\t\t\t\t<div class=\"brm-item-name\">Prazer Real<\/div>\n\t\t\t\t<div class=\"brm-item-price\">&#036;0.00<\/div>\n\t\t\t\t<div class=\"brm-item-description\">Coroa de Morangos, Sorvete de Creme, Suspiros, Cointreau, Molho de Laranja e Am\u00eandoas<\/div>\n\t\t\t<\/div>\n\t\t<\/div>\n\t\t\t\t<div class=\"brm-item brm-item-19\">\n\t\t\t\t\t\t<div class=\"brm-item-details\">\n\t\t\t\t<div class=\"brm-item-name\">Morangos \u00e1 Suiza<\/div>\n\t\t\t\t<div class=\"brm-item-price\">&#036;0.00<\/div>\n\t\t\t\t<div class=\"brm-item-description\">Sorvete de Creme, Pimenta Preta e Licor Kirsch<\/div>\n\t\t\t<\/div>\n\t\t<\/div>\n\t\t\t\t<div class=\"brm-item brm-item-20\">\n\t\t\t\t\t\t<div class=\"brm-item-details\">\n\t\t\t\t<div class=\"brm-item-name\">Morangos, Zabaione e Nozes<\/div>\n\t\t\t\t<div class=\"brm-item-price\">&#036;0.00<\/div>\n\t\t\t\t<div class=\"brm-item-description\">Com sorvete se Creme<\/div>\n\t\t\t<\/div>\n\t\t<\/div>\n\t\t\t\t<div class=\"brm-item brm-item-21\">\n\t\t\t\t\t\t<div class=\"brm-item-details\">\n\t\t\t\t<div class=\"brm-item-name\">Prato de Frutas<\/div>\n\t\t\t\t<div class=\"brm-item-price\">&#036;0.00<\/div>\n\t\t\t\t<div class=\"brm-item-description\"><\/div>\n\t\t\t<\/div>\n\t\t<\/div>\n\t\t\t\t<div class=\"brm-item brm-item-22\">\n\t\t\t\t\t\t<div class=\"brm-item-details\">\n\t\t\t\t<div class=\"brm-item-name\">G\u00e2t\u00eaau com Cremes Geladas com molho de Framboesa<\/div>\n\t\t\t\t<div class=\"brm-item-price\">&#036;0.00<\/div>\n\t\t\t\t<div class=\"brm-item-description\"><\/div>\n\t\t\t<\/div>\n\t\t<\/div>\n\t\t\t\t<div class=\"brm-item brm-item-23\">\n\t\t\t\t\t\t<div class=\"brm-item-details\">\n\t\t\t\t<div class=\"brm-item-name\">Copa Cristal<\/div>\n\t\t\t\t<div class=\"brm-item-price\">&#036;0.00<\/div>\n\t\t\t\t<div class=\"brm-item-description\">Com morangos, Kiwi, Sorvete de Creme, Molho de Caramelo, Chocolate Ralado e gotas de Licor Kirsch<\/div>\n\t\t\t<\/div>\n\t\t<\/div>\n\t\t\t\t<div class=\"brm-item brm-item-24\">\n\t\t\t\t\t\t<div class=\"brm-item-details\">\n\t\t\t\t<div class=\"brm-item-name\">Degusta\u00e7\u00e3o de Sobremesas<\/div>\n\t\t\t\t<div class=\"brm-item-price\">&#036;0.00<\/div>\n\t\t\t\t<div class=\"brm-item-description\">Mini Vulc\u00e3o de chocolate, lemon curd, morangos com chantilly, crumble de ma\u00e7\u00e3, sorvete de maracuy\u00e1 e ganache de chocolate (Para compartir)<\/div>\n\t\t\t<\/div>\n\t\t<\/div>\n\t\t\t<\/div>\n\t<\/div><div class=\"brm-menu-section\">\t\t<div class=\"brm-heading brm-group-5\" style=\"display: block;\">\n\t\t\t\t\t\t\t<h2>\n\t\t\t\t\t<span>\n\t\t\t\t\t\tSobremesas Unicas\t\t\t\t\t<\/span>\n\t\t\t\t<\/h2>\n\t\t\t\t\t\t\t\t<\/div>\n\t\t<div class=\"brm-items\">\n\t\t\t<div class=\"brm-item brm-item-25\">\n\t\t\t\t\t\t<div class=\"brm-item-details\">\n\t\t\t\t<div class=\"brm-item-name\">Moma de Ma\u00e7\u00e2 e Canela<\/div>\n\t\t\t\t<div class=\"brm-item-price\">&#036;0.00<\/div>\n\t\t\t\t<div class=\"brm-item-description\">Com crocante de frutos secos e Sorvete de Mascarpone.<\/div>\n\t\t\t<\/div>\n\t\t<\/div>\n\t\t\t\t<div class=\"brm-item brm-item-26\">\n\t\t\t\t\t\t<div class=\"brm-item-details\">\n\t\t\t\t<div class=\"brm-item-name\">Cheesecake de Pistaches e Baileys<\/div>\n\t\t\t\t<div class=\"brm-item-price\">&#036;0.00<\/div>\n\t\t\t\t<div class=\"brm-item-description\"><\/div>\n\t\t\t<\/div>\n\t\t<\/div>\n\t\t\t<\/div>\n\t<\/div>\n<\/div>\n<div class=\"pl-developer\"><span>Best Restaurant Menu Plugin by <\/span><a href=\"https:\/\/www.pricelisto.com\/plugins\">PriceListo<\/a><\/div>Abierto deDom. a Juev. de 12 pm a 2 am.Vier. y S\u00e1b. de 12 a 3 am.consultas@puerto-cristal.com.arTel. +54 11 4331.3669Whatsapp: +54 9 11 4062-1293Av. Alicia Moreau de Justo 1082,Puerto Madero,Buenos Aires, Argentina<\/p>\n","protected":false},"author":3,"featured_media":0,"parent":0,"menu_order":0,"comment_status":"closed","ping_status":"closed","template":"","meta":{"_et_pb_use_builder":"on","_et_pb_old_content":"","_et_gb_content_width":"","footnotes":""},"class_list":["post-160","page","type-page","status-publish","hentry"],"_links":{"self":[{"href":"https:\/\/puerto-cristal.com.ar\/por\/wp-json\/wp\/v2\/pages\/160","targetHints":{"allow":["GET"]}}],"collection":[{"href":"https:\/\/puerto-cristal.com.ar\/por\/wp-json\/wp\/v2\/pages"}],"about":[{"href":"https:\/\/puerto-cristal.com.ar\/por\/wp-json\/wp\/v2\/types\/page"}],"author":[{"embeddable":true,"href":"https:\/\/puerto-cristal.com.ar\/por\/wp-json\/wp\/v2\/users\/3"}],"replies":[{"embeddable":true,"href":"https:\/\/puerto-cristal.com.ar\/por\/wp-json\/wp\/v2\/comments?post=160"}],"version-history":[{"count":8,"href":"https:\/\/puerto-cristal.com.ar\/por\/wp-json\/wp\/v2\/pages\/160\/revisions"}],"predecessor-version":[{"id":706,"href":"https:\/\/puerto-cristal.com.ar\/por\/wp-json\/wp\/v2\/pages\/160\/revisions\/706"}],"wp:attachment":[{"href":"https:\/\/puerto-cristal.com.ar\/por\/wp-json\/wp\/v2\/media?parent=160"}],"curies":[{"name":"wp","href":"https:\/\/api.w.org\/{rel}","templated":true}]}}